{"id":23,"date":"2022-03-14T22:56:11","date_gmt":"2022-03-14T22:56:11","guid":{"rendered":"http:\/\/svobodnykmen.cz\/?page_id=23"},"modified":"2026-02-20T13:18:59","modified_gmt":"2026-02-20T13:18:59","slug":"domu","status":"publish","type":"page","link":"https:\/\/svobodnaskolaprerov.cz\/zakladni-skola\/","title":{"rendered":"Dom\u016f"},"content":{"rendered":"<div id=\"initial-content-section\" class=\"content-section content-section-spacing\" data-id=\"initial-content-section\" data-export-id=\"initial-content-section\" data-label=\"Initial Content\">\n<div class=\"gridContainer\">\n<div class=\"row\">\n<div class=\"col-xs-12 col-sm-12\">\n\nV\u00edtejte na webov\u00fdch str\u00e1nk\u00e1ch p\u0159erovsk\u00e9 svobodn\u00e9 \u0161koly.&nbsp;\n\nSpole\u010dn\u011b tvo\u0159\u00edme \u0161kolu, kde se d\u011bti mohou st\u00e1t samy sebou \u2013 rozv\u00edjet se p\u0159irozen\u011b v&nbsp;bezpe\u010dn\u00e9m prost\u0159ed\u00ed, s&nbsp;podporou pr\u016fvodc\u016f pracovat na u\u010debn\u00ed autonomii a u\u010dit se to, co jim d\u00e1v\u00e1 smysl.\n<div class=\"row\">\n<div class=\"col-xs-12 col-sm-12\">\n<div dir=\"auto\">\n<div class=\"gridContainer\">\n<div dir=\"auto\">&nbsp;<\/div>\n<\/div>\n<\/div>\n<\/div>\n<\/div>\n<div class=\"row\">\n<div class=\"col-xs-12 col-sm-12\">\n\n<hr>\n\n<div class=\"gridContainer\">\n<div class=\"row\">&nbsp;<\/div>\n<\/div>\n<\/div>\n<\/div>\n<div class=\"gridContainer\">\n<div class=\"row\">\n<div class=\"col-xs-12 col-sm-12\">\n<div class=\"row\">\n<div class=\"col-xs-12 col-sm-12\">\n<div dir=\"auto\"><img loading=\"lazy\" decoding=\"async\" class=\"alignnone  wp-image-1593\" src=\"https:\/\/svobodnaskolaprerov.cz\/zakladni-skola\/wp-content\/uploads\/2026\/02\/2026_vyberko_grafika_FB_v2-300x251.png\" alt=\"\" width=\"428\" height=\"358\" srcset=\"https:\/\/svobodnaskolaprerov.cz\/zakladni-skola\/wp-content\/uploads\/2026\/02\/2026_vyberko_grafika_FB_v2-300x251.png 300w, https:\/\/svobodnaskolaprerov.cz\/zakladni-skola\/wp-content\/uploads\/2026\/02\/2026_vyberko_grafika_FB_v2-768x644.png 768w, https:\/\/svobodnaskolaprerov.cz\/zakladni-skola\/wp-content\/uploads\/2026\/02\/2026_vyberko_grafika_FB_v2.png 940w\" sizes=\"auto, (max-width: 428px) 100vw, 428px\" \/><\/div>\n<div dir=\"auto\">&nbsp;<\/div>\n<div dir=\"auto\">\n<div dir=\"auto\">Vyhla\u0161ujeme v\u00fdberov\u00e9 \u0159\u00edzen\u00ed na pr\u016fvodce a pr\u016fvodkyn\u011b na 1. i 2. stupni. V\u00edce informac\u00ed najdete <a href=\"https:\/\/svobodnaskolaprerov.cz\/zakladni-skola\/zamestnani\/\">zde<\/a>.<\/div>\n<\/div>\n<div dir=\"auto\">\n<div class=\"row\">\n<div class=\"col-xs-12 col-sm-12\">\n<div dir=\"auto\">\n<div class=\"gridContainer\">\n<div dir=\"auto\">&nbsp;<\/div>\n<\/div>\n<\/div>\n<\/div>\n<\/div>\n<div class=\"row\">\n<div class=\"col-xs-12 col-sm-12\">\n\n<hr>\n\n<div class=\"gridContainer\">\n<div class=\"row\">&nbsp;<\/div>\n<\/div>\n<\/div>\n<\/div>\n<\/div>\n<div dir=\"auto\">\n<div dir=\"auto\">M\u00e1te z\u00e1jem se pod\u00edvat na fungov\u00e1n\u00ed na\u0161\u00ed \u0161koly? P\u0159ij\u010fte se pod\u00edvat na den otev\u0159en\u00fdch dve\u0159\u00ed.&nbsp;<\/div>\n<div dir=\"auto\">&nbsp;<\/div>\n<div dir=\"auto\">Term\u00edny dn\u00ed otev\u0159en\u00fdch dve\u0159\u00ed jsou:<\/div>\n<div dir=\"auto\">\u00fater\u00fd, 11. 11. 2025 &#8211; 9:00 &#8211; 12:00<\/div>\n<div dir=\"auto\">st\u0159eda, 17. 12. 2025 &#8211; V\u00e1no\u010dn\u00ed jarmark &#8211; 16:00 &#8211; 19:00<\/div>\n<div dir=\"auto\">\u00fater\u00fd, 13. 1. 2026 &#8211; 9:00 &#8211; 12:00<\/div>\n<div dir=\"auto\">\u010dtvrtek, 19. 2. 2026 &#8211; 9:00 &#8211; 12:00<\/div>\n<\/div>\n<div dir=\"auto\">\n<div class=\"gridContainer\">\n<div dir=\"auto\">&nbsp;<\/div>\n<\/div>\n<\/div>\n<\/div>\n<\/div>\n<div class=\"row\">\n<div class=\"col-xs-12 col-sm-12\">\n\n<hr>\n\n<div class=\"gridContainer\">\n<div class=\"row\">&nbsp;<\/div>\n<\/div>\n<\/div>\n<\/div>\n<\/div>\n<div><img loading=\"lazy\" decoding=\"async\" class=\"alignnone  wp-image-1532\" src=\"https:\/\/svobodnaskolaprerov.cz\/zakladni-skola\/wp-content\/uploads\/2025\/05\/499720411_1155611039912526_6674781767997517976_n-240x300.jpg\" alt=\"\" width=\"328\" height=\"410\" srcset=\"https:\/\/svobodnaskolaprerov.cz\/zakladni-skola\/wp-content\/uploads\/2025\/05\/499720411_1155611039912526_6674781767997517976_n-240x300.jpg 240w, https:\/\/svobodnaskolaprerov.cz\/zakladni-skola\/wp-content\/uploads\/2025\/05\/499720411_1155611039912526_6674781767997517976_n-819x1024.jpg 819w, https:\/\/svobodnaskolaprerov.cz\/zakladni-skola\/wp-content\/uploads\/2025\/05\/499720411_1155611039912526_6674781767997517976_n-768x960.jpg 768w, https:\/\/svobodnaskolaprerov.cz\/zakladni-skola\/wp-content\/uploads\/2025\/05\/499720411_1155611039912526_6674781767997517976_n-1024x1280.jpg 1024w, https:\/\/svobodnaskolaprerov.cz\/zakladni-skola\/wp-content\/uploads\/2025\/05\/499720411_1155611039912526_6674781767997517976_n-864x1080.jpg 864w, https:\/\/svobodnaskolaprerov.cz\/zakladni-skola\/wp-content\/uploads\/2025\/05\/499720411_1155611039912526_6674781767997517976_n.jpg 1080w\" sizes=\"auto, (max-width: 328px) 100vw, 328px\" \/><\/div>\n<div>PROJEKT Svobodn\u00e1 \u0161kola P\u0159erov OP JAK II je spolufinancov\u00e1n Evropskou uni\u00ed.<br class=\"html-br\">C\u00edlem projektu je podpo\u0159it rovn\u00fd p\u0159\u00edstup ke kvalitn\u00edmu vzd\u011bl\u00e1v\u00e1n\u00ed pro \u017e\u00e1ky a \u00fa\u010dastn\u00edky z\u00e1jmov\u00e9ho vzd\u011bl\u00e1v\u00e1n\u00ed prost\u0159ednictv\u00edm podpory zav\u00e1d\u011bn\u00ed inovativn\u00edch metod a vzd\u011bl\u00e1v\u00e1n\u00ed pracovn\u00edk\u016f.<\/div>\n<\/div>\n<div>\n<div class=\"row\">\n<div class=\"col-xs-12 col-sm-12\">\n<div dir=\"auto\">\n<div class=\"gridContainer\">\n<div dir=\"auto\">&nbsp;<\/div>\n<div dir=\"auto\">&nbsp;<\/div>\n<\/div>\n<\/div>\n<\/div>\n<\/div>\n<\/div>\n<div class=\"row\">\n<div class=\"col-xs-12 col-sm-12\">\n<div dir=\"auto\">\n<div class=\"gridContainer\">\n<div dir=\"auto\">&nbsp;<\/div>\n<\/div>\n<\/div>\n<\/div>\n<\/div>\n<div class=\"row\">\n<div class=\"col-xs-12 col-sm-12\">\n\n<hr>\n\n<div class=\"gridContainer\">\n<div class=\"row\">&nbsp;<\/div>\n<\/div>\n<div dir=\"auto\">V\u0161em p\u0159ejeme p\u0159\u00edjemn\u011b pro\u017eit\u00e9 l\u00e9to a t\u011b\u0161\u00edme se op\u011bt na setk\u00e1v\u00e1n\u00ed v na\u0161em t\u0159et\u00edm \u0161koln\u00edm roce.<\/div>\n<\/div>\n<div dir=\"auto\">&nbsp;<\/div>\n<div dir=\"auto\"><span style=\"color: initial; font-size: revert;\">Zat\u00edm se m\u016f\u017eete pod\u00edvat na aktu\u00e1ln\u00ed rozhovor s Michalem.<\/span><\/div>\n<\/div>\n<iframe loading=\"lazy\" title=\"YouTube video player\" src=\"https:\/\/www.youtube.com\/embed\/X0zrr2Ax4Ik?si=r7uBl2ZTRNqbaihz\" width=\"560\" height=\"315\" frameborder=\"0\" allowfullscreen=\"allowfullscreen\"><\/iframe>\n<div class=\"row\">\n<div class=\"col-xs-12 col-sm-12\">\n<div class=\"gridContainer\">\n<div class=\"row\">\n<div dir=\"auto\">\n\n&nbsp;\n\n<\/div>\n<\/div>\n<\/div>\n<div class=\"gridContainer\">\n<div class=\"row\">\n<div class=\"col-xs-12 col-sm-12\">&nbsp;<\/div>\n<\/div>\n<\/div>\n<div class=\"gridContainer\">\n<div class=\"row\">\n<div class=\"col-xs-12 col-sm-12\">\n\n<hr>\n\n&nbsp;\n\n&nbsp;\n\n<\/div>\n<\/div>\n<\/div>\n<img loading=\"lazy\" decoding=\"async\" class=\"alignnone wp-image-1154\" src=\"https:\/\/svobodnaskolaprerov.cz\/wp-content\/uploads\/2023\/10\/FireShot-Capture-013-A3-plakat-publicita.docx.pdf-media-app.png\" sizes=\"auto, (max-width: 462px) 100vw, 462px\" srcset=\"https:\/\/svobodnaskolaprerov.cz\/zakladni-skola\/wp-content\/uploads\/2023\/10\/FireShot-Capture-013-A3-plakat-publicita.docx.pdf-media-app.png 655w, https:\/\/svobodnaskolaprerov.cz\/zakladni-skola\/wp-content\/uploads\/2023\/10\/FireShot-Capture-013-A3-plakat-publicita.docx.pdf-media-app-221x300.png 221w\" alt=\"\" width=\"462\" height=\"626\">\n\n<\/div>\n<\/div>\n<\/div>\n<div class=\"gridContainer\">\n<div class=\"row\">\n<div class=\"col-xs-12 col-sm-12\">\n\n<hr>\n\n&nbsp;\n\n<strong>Rozv\u00edj\u00edme novou koncepci Dom\u0161koly P\u0159erov pro d\u011bti na individu\u00e1ln\u00edm vzd\u011bl\u00e1v\u00e1n\u00ed.<\/strong>\n\nV\u00edce informac\u00ed <a class=\"\" href=\"https:\/\/svobodnaskolaprerov.cz\/domskola-prerov\" rel=\"noopener\">zde<\/a>.\n\n&nbsp;\n\n<hr>\n\n&nbsp;\n\n&nbsp;\n\n<strong>Vn\u00e1\u0161\u00edme do vzd\u011bl\u00e1v\u00e1n\u00ed masarykovsk\u00fd odkaz: Tvo\u0159\u00edme \u0161kolu, prostor, kter\u00fd je hluboce demokratick\u00fd, proto\u017ee klade na prvn\u00ed m\u00edsto \u010dlov\u011bka, lidskou du\u0161i. Prostor, kter\u00fd je zalo\u017een\u00fd na pochopen\u00ed a spolupr\u00e1ci. Prostor, kde t\u00edm hlavn\u00edm je l\u00e1ska k sob\u011b a k bli\u017en\u00edmu.<\/strong>\n\n&nbsp;\n\n\u201eCht\u011bl bych, aby Summerhill vyr\u00e1b\u011bl sp\u00ed\u0161e \u0161\u0165astn\u00e9 meta\u0159e ne\u017e neurotick\u00e9 u\u010dence.\u201c \u2013 Alexander Sutherland Neill\n\n&nbsp;\n\n\u201eHra je radost. U\u010den\u00ed p\u0159i h\u0159e jest radostn\u00e9 u\u010den\u00ed.\u201c \u2013 Jan \u00c1mos Komensk\u00fd\n\n&nbsp;\n\n\u201eDemokracie nepanuje, ale opravuje.\u201c \u2014 Tom\u00e1\u0161 Garrigue Masaryk\n\n&nbsp;\n\n<strong>St\u00e1le m\u00e1me voln\u00e1 m\u00edsta v 1. a\u017e 8. t\u0159\u00edd\u011b. D\u011bti budou n\u00e1sledn\u011b pokra\u010dovat a\u017e do 9. t\u0159\u00eddy.\nV\u00e1h\u00e1te, jestli je na\u0161e \u0161kola vhodn\u00e1 pro va\u0161e d\u00edt\u011b? M\u016f\u017eete n\u00e1m zavolat a domluvit se na n\u00e1v\u0161t\u011bv\u011b \u0161koly.\nV\u00edce informac\u00ed na Z\u00e1jemci o studium: <a class=\"\" href=\"https:\/\/svobodnaskolaprerov.cz\/zajemci-o-studium\" rel=\"noopener\">Zde<\/a><\/strong>\n\n<\/div>\n<\/div>\n<\/div>\n<\/div>\n<\/div>\n<\/div>\n<\/div>\n<iframe loading=\"lazy\" title=\"YouTube video player\" src=\"https:\/\/www.youtube.com\/embed\/9s8w-AMGRyM\" width=\"560\" height=\"315\" frameborder=\"0\" allowfullscreen=\"allowfullscreen\"><\/iframe><iframe loading=\"lazy\" title=\"YouTube video player\" src=\"https:\/\/www.youtube.com\/embed\/-i_eMm5H89g\" width=\"560\" height=\"315\" frameborder=\"0\" allowfullscreen=\"allowfullscreen\"><\/iframe><iframe loading=\"lazy\" title=\"YouTube video player\" src=\"https:\/\/www.youtube.com\/embed\/UOzdegDmmlE\" width=\"560\" height=\"315\" frameborder=\"0\" allowfullscreen=\"allowfullscreen\"><\/iframe><iframe loading=\"lazy\" title=\"YouTube video player\" src=\"https:\/\/www.youtube.com\/embed\/GF2HT40j7aY\" width=\"560\" height=\"315\" frameborder=\"0\" allowfullscreen=\"allowfullscreen\"><\/iframe><iframe loading=\"lazy\" title=\"YouTube video player\" src=\"https:\/\/www.youtube.com\/embed\/H75Uu8P29iY\" width=\"560\" height=\"315\" frameborder=\"0\" allowfullscreen=\"allowfullscreen\"><\/iframe><iframe loading=\"lazy\" title=\"YouTube video player\" src=\"https:\/\/www.youtube.com\/embed\/Q38kgBzbRhA\" width=\"560\" height=\"315\" frameborder=\"0\" allowfullscreen=\"allowfullscreen\"><\/iframe>\n<div>&nbsp;<\/div>","protected":false},"excerpt":{"rendered":"<p>V\u00edtejte na webov\u00fdch str\u00e1nk\u00e1ch p\u0159erovsk\u00e9 svobodn\u00e9 \u0161koly.&nbsp; Spole\u010dn\u011b tvo\u0159\u00edme \u0161kolu, kde se d\u011bti mohou st\u00e1t samy sebou \u2013 rozv\u00edjet se p\u0159irozen\u011b v&nbsp;bezpe\u010dn\u00e9m prost\u0159ed\u00ed, s&nbsp;podporou pr\u016fvodc\u016f pracovat na u\u010debn\u00ed autonomii a u\u010dit se to, co jim d\u00e1v\u00e1 smysl. &nbsp; &nbsp; &nbsp; Vyhla\u0161ujeme v\u00fdberov\u00e9 \u0159\u00edzen\u00ed na pr\u016fvodce a pr\u016fvodkyn\u011b na 1. i 2. stupni. V\u00edce informac\u00ed najdete&hellip; <br \/> <a class=\"read-more\" href=\"https:\/\/svobodnaskolaprerov.cz\/zakladni-skola\/\">Read more<\/a><\/p>\n","protected":false},"author":1,"featured_media":0,"parent":0,"menu_order":0,"comment_status":"closed","ping_status":"closed","template":"pro\/page-templates\/full-width-page.php","meta":{"ngg_post_thumbnail":0,"footnotes":""},"class_list":["post-23","page","type-page","status-publish","hentry"],"yoast_head":"<!-- This site is optimized with the Yoast SEO plugin v24.6 - https:\/\/yoast.com\/wordpress\/plugins\/seo\/ -->\n<title>Dom\u016f - Svobodn\u00e1 \u0161kola P\u0159erov<\/title>\n<meta name=\"robots\" content=\"index, follow, max-snippet:-1, max-image-preview:large, max-video-preview:-1\" \/>\n<link rel=\"canonical\" href=\"https:\/\/svobodnaskolaprerov.cz\/zakladni-skola\/\" \/>\n<meta property=\"og:locale\" content=\"cs_CZ\" \/>\n<meta property=\"og:type\" content=\"article\" \/>\n<meta property=\"og:title\" content=\"Dom\u016f - Svobodn\u00e1 \u0161kola P\u0159erov\" \/>\n<meta property=\"og:description\" content=\"V\u00edtejte na webov\u00fdch str\u00e1nk\u00e1ch p\u0159erovsk\u00e9 svobodn\u00e9 \u0161koly.&nbsp; Spole\u010dn\u011b tvo\u0159\u00edme \u0161kolu, kde se d\u011bti mohou st\u00e1t samy sebou \u2013 rozv\u00edjet se p\u0159irozen\u011b v&nbsp;bezpe\u010dn\u00e9m prost\u0159ed\u00ed, s&nbsp;podporou pr\u016fvodc\u016f pracovat na u\u010debn\u00ed autonomii a u\u010dit se to, co jim d\u00e1v\u00e1 smysl. &nbsp; &nbsp; &nbsp; Vyhla\u0161ujeme v\u00fdberov\u00e9 \u0159\u00edzen\u00ed na pr\u016fvodce a pr\u016fvodkyn\u011b na 1. i 2. stupni. V\u00edce informac\u00ed najdete&hellip; Read more\" \/>\n<meta property=\"og:url\" content=\"https:\/\/svobodnaskolaprerov.cz\/zakladni-skola\/\" \/>\n<meta property=\"og:site_name\" content=\"Svobodn\u00e1 \u0161kola P\u0159erov\" \/>\n<meta property=\"article:modified_time\" content=\"2026-02-20T13:18:59+00:00\" \/>\n<meta property=\"og:image\" content=\"https:\/\/svobodnaskolaprerov.cz\/zakladni-skola\/wp-content\/uploads\/2026\/02\/2026_vyberko_grafika_FB_v2.png\" \/>\n\t<meta property=\"og:image:width\" content=\"940\" \/>\n\t<meta property=\"og:image:height\" content=\"788\" \/>\n\t<meta property=\"og:image:type\" content=\"image\/png\" \/>\n<meta name=\"twitter:card\" content=\"summary_large_image\" \/>\n<meta name=\"twitter:label1\" content=\"Odhadovan\u00e1 doba \u010dten\u00ed\" \/>\n\t<meta name=\"twitter:data1\" content=\"3 minuty\" \/>\n<script type=\"application\/ld+json\" class=\"yoast-schema-graph\">{\"@context\":\"https:\/\/schema.org\",\"@graph\":[{\"@type\":\"WebPage\",\"@id\":\"https:\/\/svobodnaskolaprerov.cz\/zakladni-skola\/\",\"url\":\"https:\/\/svobodnaskolaprerov.cz\/zakladni-skola\/\",\"name\":\"Dom\u016f - Svobodn\u00e1 \u0161kola P\u0159erov\",\"isPartOf\":{\"@id\":\"https:\/\/svobodnaskolaprerov.cz\/zakladni-skola\/#website\"},\"primaryImageOfPage\":{\"@id\":\"https:\/\/svobodnaskolaprerov.cz\/zakladni-skola\/#primaryimage\"},\"image\":{\"@id\":\"https:\/\/svobodnaskolaprerov.cz\/zakladni-skola\/#primaryimage\"},\"thumbnailUrl\":\"https:\/\/svobodnaskolaprerov.cz\/zakladni-skola\/wp-content\/uploads\/2026\/02\/2026_vyberko_grafika_FB_v2-300x251.png\",\"datePublished\":\"2022-03-14T22:56:11+00:00\",\"dateModified\":\"2026-02-20T13:18:59+00:00\",\"breadcrumb\":{\"@id\":\"https:\/\/svobodnaskolaprerov.cz\/zakladni-skola\/#breadcrumb\"},\"inLanguage\":\"cs\",\"potentialAction\":[{\"@type\":\"ReadAction\",\"target\":[\"https:\/\/svobodnaskolaprerov.cz\/zakladni-skola\/\"]}]},{\"@type\":\"ImageObject\",\"inLanguage\":\"cs\",\"@id\":\"https:\/\/svobodnaskolaprerov.cz\/zakladni-skola\/#primaryimage\",\"url\":\"https:\/\/svobodnaskolaprerov.cz\/zakladni-skola\/wp-content\/uploads\/2026\/02\/2026_vyberko_grafika_FB_v2.png\",\"contentUrl\":\"https:\/\/svobodnaskolaprerov.cz\/zakladni-skola\/wp-content\/uploads\/2026\/02\/2026_vyberko_grafika_FB_v2.png\",\"width\":940,\"height\":788},{\"@type\":\"BreadcrumbList\",\"@id\":\"https:\/\/svobodnaskolaprerov.cz\/zakladni-skola\/#breadcrumb\",\"itemListElement\":[{\"@type\":\"ListItem\",\"position\":1,\"name\":\"Dom\u016f\",\"item\":\"https:\/\/svobodnaskolaprerov.cz\/zakladni-skola\/\"},{\"@type\":\"ListItem\",\"position\":2,\"name\":\"Dom\u016f\"}]},{\"@type\":\"WebSite\",\"@id\":\"https:\/\/svobodnaskolaprerov.cz\/zakladni-skola\/#website\",\"url\":\"https:\/\/svobodnaskolaprerov.cz\/zakladni-skola\/\",\"name\":\"Svobodn\u00e1 \u0161kola P\u0159erov\",\"description\":\"Svobodn\u00e1 \u0161kola P\u0159erov\",\"potentialAction\":[{\"@type\":\"SearchAction\",\"target\":{\"@type\":\"EntryPoint\",\"urlTemplate\":\"https:\/\/svobodnaskolaprerov.cz\/zakladni-skola\/?s={search_term_string}\"},\"query-input\":{\"@type\":\"PropertyValueSpecification\",\"valueRequired\":true,\"valueName\":\"search_term_string\"}}],\"inLanguage\":\"cs\"}]}<\/script>\n<!-- \/ Yoast SEO plugin. -->","yoast_head_json":{"title":"Dom\u016f - Svobodn\u00e1 \u0161kola P\u0159erov","robots":{"index":"index","follow":"follow","max-snippet":"max-snippet:-1","max-image-preview":"max-image-preview:large","max-video-preview":"max-video-preview:-1"},"canonical":"https:\/\/svobodnaskolaprerov.cz\/zakladni-skola\/","og_locale":"cs_CZ","og_type":"article","og_title":"Dom\u016f - Svobodn\u00e1 \u0161kola P\u0159erov","og_description":"V\u00edtejte na webov\u00fdch str\u00e1nk\u00e1ch p\u0159erovsk\u00e9 svobodn\u00e9 \u0161koly.&nbsp; Spole\u010dn\u011b tvo\u0159\u00edme \u0161kolu, kde se d\u011bti mohou st\u00e1t samy sebou \u2013 rozv\u00edjet se p\u0159irozen\u011b v&nbsp;bezpe\u010dn\u00e9m prost\u0159ed\u00ed, s&nbsp;podporou pr\u016fvodc\u016f pracovat na u\u010debn\u00ed autonomii a u\u010dit se to, co jim d\u00e1v\u00e1 smysl. &nbsp; &nbsp; &nbsp; Vyhla\u0161ujeme v\u00fdberov\u00e9 \u0159\u00edzen\u00ed na pr\u016fvodce a pr\u016fvodkyn\u011b na 1. i 2. stupni. V\u00edce informac\u00ed najdete&hellip; Read more","og_url":"https:\/\/svobodnaskolaprerov.cz\/zakladni-skola\/","og_site_name":"Svobodn\u00e1 \u0161kola P\u0159erov","article_modified_time":"2026-02-20T13:18:59+00:00","og_image":[{"width":940,"height":788,"url":"https:\/\/svobodnaskolaprerov.cz\/zakladni-skola\/wp-content\/uploads\/2026\/02\/2026_vyberko_grafika_FB_v2.png","type":"image\/png"}],"twitter_card":"summary_large_image","twitter_misc":{"Odhadovan\u00e1 doba \u010dten\u00ed":"3 minuty"},"schema":{"@context":"https:\/\/schema.org","@graph":[{"@type":"WebPage","@id":"https:\/\/svobodnaskolaprerov.cz\/zakladni-skola\/","url":"https:\/\/svobodnaskolaprerov.cz\/zakladni-skola\/","name":"Dom\u016f - Svobodn\u00e1 \u0161kola P\u0159erov","isPartOf":{"@id":"https:\/\/svobodnaskolaprerov.cz\/zakladni-skola\/#website"},"primaryImageOfPage":{"@id":"https:\/\/svobodnaskolaprerov.cz\/zakladni-skola\/#primaryimage"},"image":{"@id":"https:\/\/svobodnaskolaprerov.cz\/zakladni-skola\/#primaryimage"},"thumbnailUrl":"https:\/\/svobodnaskolaprerov.cz\/zakladni-skola\/wp-content\/uploads\/2026\/02\/2026_vyberko_grafika_FB_v2-300x251.png","datePublished":"2022-03-14T22:56:11+00:00","dateModified":"2026-02-20T13:18:59+00:00","breadcrumb":{"@id":"https:\/\/svobodnaskolaprerov.cz\/zakladni-skola\/#breadcrumb"},"inLanguage":"cs","potentialAction":[{"@type":"ReadAction","target":["https:\/\/svobodnaskolaprerov.cz\/zakladni-skola\/"]}]},{"@type":"ImageObject","inLanguage":"cs","@id":"https:\/\/svobodnaskolaprerov.cz\/zakladni-skola\/#primaryimage","url":"https:\/\/svobodnaskolaprerov.cz\/zakladni-skola\/wp-content\/uploads\/2026\/02\/2026_vyberko_grafika_FB_v2.png","contentUrl":"https:\/\/svobodnaskolaprerov.cz\/zakladni-skola\/wp-content\/uploads\/2026\/02\/2026_vyberko_grafika_FB_v2.png","width":940,"height":788},{"@type":"BreadcrumbList","@id":"https:\/\/svobodnaskolaprerov.cz\/zakladni-skola\/#breadcrumb","itemListElement":[{"@type":"ListItem","position":1,"name":"Dom\u016f","item":"https:\/\/svobodnaskolaprerov.cz\/zakladni-skola\/"},{"@type":"ListItem","position":2,"name":"Dom\u016f"}]},{"@type":"WebSite","@id":"https:\/\/svobodnaskolaprerov.cz\/zakladni-skola\/#website","url":"https:\/\/svobodnaskolaprerov.cz\/zakladni-skola\/","name":"Svobodn\u00e1 \u0161kola P\u0159erov","description":"Svobodn\u00e1 \u0161kola P\u0159erov","potentialAction":[{"@type":"SearchAction","target":{"@type":"EntryPoint","urlTemplate":"https:\/\/svobodnaskolaprerov.cz\/zakladni-skola\/?s={search_term_string}"},"query-input":{"@type":"PropertyValueSpecification","valueRequired":true,"valueName":"search_term_string"}}],"inLanguage":"cs"}]}},"_links":{"self":[{"href":"https:\/\/svobodnaskolaprerov.cz\/zakladni-skola\/wp-json\/wp\/v2\/pages\/23","targetHints":{"allow":["GET"]}}],"collection":[{"href":"https:\/\/svobodnaskolaprerov.cz\/zakladni-skola\/wp-json\/wp\/v2\/pages"}],"about":[{"href":"https:\/\/svobodnaskolaprerov.cz\/zakladni-skola\/wp-json\/wp\/v2\/types\/page"}],"author":[{"embeddable":true,"href":"https:\/\/svobodnaskolaprerov.cz\/zakladni-skola\/wp-json\/wp\/v2\/users\/1"}],"replies":[{"embeddable":true,"href":"https:\/\/svobodnaskolaprerov.cz\/zakladni-skola\/wp-json\/wp\/v2\/comments?post=23"}],"version-history":[{"count":175,"href":"https:\/\/svobodnaskolaprerov.cz\/zakladni-skola\/wp-json\/wp\/v2\/pages\/23\/revisions"}],"predecessor-version":[{"id":1598,"href":"https:\/\/svobodnaskolaprerov.cz\/zakladni-skola\/wp-json\/wp\/v2\/pages\/23\/revisions\/1598"}],"wp:attachment":[{"href":"https:\/\/svobodnaskolaprerov.cz\/zakladni-skola\/wp-json\/wp\/v2\/media?parent=23"}],"curies":[{"name":"wp","href":"https:\/\/api.w.org\/{rel}","templated":true}]}}